{"id":23,"date":"2015-10-15T15:32:40","date_gmt":"2015-10-15T15:32:40","guid":{"rendered":"http:\/\/wpoffice\/construction\/?page_id=23"},"modified":"2025-11-05T13:56:20","modified_gmt":"2025-11-05T10:56:20","slug":"iletisim","status":"publish","type":"page","link":"https:\/\/www.agenaltd.com.tr\/en\/iletisim\/","title":{"rendered":"Contact"},"content":{"rendered":"<div id='av_section_1'  class='avia-section main_color avia-section-default avia-no-border-styling av-section-color-overlay-active avia-bg-style-scroll  avia-builder-el-0  el_before_av_section  avia-builder-el-first   container_wrap sidebar_right' style=' '  ><div class='av-section-color-overlay-wrap'><div class='av-section-color-overlay' style='opacity: 0.5; background-color: #024b90; background-image: url(https:\/\/www.agenaltd.com.tr\/wp-content\/themes\/enfold\/images\/background-images\/polygon.png); background-repeat: repeat;'><\/div><div class='container' ><main  role=\"main\" itemprop=\"mainContentOfPage\"  class='template-page content  av-content-small alpha units'><div class='post-entry post-entry-type-page post-entry-23'><div class='entry-content-wrapper clearfix'>\n<div class=\"flex_column av_two_third  flex_column_div first  avia-builder-el-1  el_before_av_one_third  avia-builder-el-first\" style='background: #f0f0f0; border-width:1px; border-style:solid; padding:10px; background-color:#f0f0f0; border-radius:8px; '><div  class='av_gmaps_sc_main_wrap av_gmaps_main_wrap'><div id='av_gmap_0' class='avia-google-map-container avia-google-map-sc av_gmaps_show_unconditionally av-no-fallback-img' data-mapid='av_gmap_0'  style='height: 480px;'><a class=\"av_gmaps_browser_disabled av_text_confirm_link av_text_confirm_link_visible\" href=\"https:\/\/www.google.com\/maps\/search\/?api=1&#038;query=Abdurrahman%20Nazif%20G\u00fcrman%20Mah.%20General%20Ali%20R\u0131za%20G\u00fcrcan%20Cad.%20Platform%20Suit%20No:27\/81%20G\u00fcng\u00f6ren\/\u0130STANBUL\" target=\"_blank\" rel=\"noopener\">Maps were disabled by the visitor on this site. Click to open the map in a new window.<\/a><\/div><\/div><\/div><div class=\"flex_column av_one_third  av-animated-generic bottom-to-top  flex_column_div   avia-builder-el-3  el_after_av_two_third  avia-builder-el-last\" style='background: #f0f0f0; border-width:1px; border-style:solid; padding:10px; background-color:#f0f0f0; border-radius:8px; '><p><div  style='height:1px; margin-top:0px'  class='hr hr-invisible   avia-builder-el-4  el_before_av_heading  avia-builder-el-first'><span class='hr-inner' ><span class='hr-inner-style'><\/span><\/span><\/div><br \/>\n<div  style='padding-bottom:0px; margin:0 0 0 0; font-size:25px;' class='av-special-heading av-special-heading-h3  blockquote modern-quote modern-centered  avia-builder-el-5  el_after_av_hr  el_before_av_hr  av-inherit-size'><h3 class='av-special-heading-tag'  itemprop=\"headline\"  >CONTACT <br \/>OPTIONS<\/h3><div class='special-heading-border'><div class='special-heading-inner-border' ><\/div><\/div><\/div><br \/>\n<div  style='height:20px' class='hr hr-invisible   avia-builder-el-6  el_after_av_heading  el_before_av_icon_box'><span class='hr-inner' ><span class='hr-inner-style'><\/span><\/span><\/div><br \/>\n<article  class=\"iconbox iconbox_top main_color    avia-builder-el-7  el_after_av_hr  el_before_av_hr\"  itemscope=\"itemscope\" itemtype=\"https:\/\/schema.org\/CreativeWork\" ><div class=\"iconbox_content\"><header class=\"entry-content-header\"><div class=\"iconbox_icon heading-color\" aria-hidden='true' data-av_icon='\ue841' data-av_iconfont='entypo-fontello'  ><\/div><h3 class='iconbox_content_title'  itemprop=\"headline\"  >Address<\/h3><\/header><div class='iconbox_content_container'  itemprop=\"text\"  ><p style=\"text-align: center;\">Abdurrahman Nazif G\u00fcrman Mah.<br \/>\nGeneral Ali R\u0131za G\u00fcrcan Cad.<br \/>\nPlatform Suit No:27\/81<br \/>\nG\u00fcng\u00f6ren\/\u0130STANBUL<\/p>\n<\/div><\/div><footer class=\"entry-footer\"><\/footer><\/article><br \/>\n<div  style='height:10px' class='hr hr-invisible   avia-builder-el-8  el_after_av_icon_box  el_before_av_icon_box'><span class='hr-inner' ><span class='hr-inner-style'><\/span><\/span><\/div><br \/>\n<article  class=\"iconbox iconbox_top main_color    avia-builder-el-9  el_after_av_hr  avia-builder-el-last\"  itemscope=\"itemscope\" itemtype=\"https:\/\/schema.org\/CreativeWork\" ><div class=\"iconbox_content\"><header class=\"entry-content-header\"><div class=\"iconbox_icon heading-color\" aria-hidden='true' data-av_icon='\ue8ac' data-av_iconfont='entypo-fontello'  ><\/div><h3 class='iconbox_content_title'  itemprop=\"headline\"  >Email<\/h3><\/header><div class='iconbox_content_container'  itemprop=\"text\"  ><p style=\"text-align: center;\">info@agenaltd.com.t is<\/p>\n<\/div><\/div><footer class=\"entry-footer\"><\/footer><\/article><\/p><\/div><\/div><\/div><\/main><!-- close content main element --><\/div><\/div><\/div><div id='av_section_2'  class='avia-section main_color avia-section-default avia-no-border-styling av-section-color-overlay-active avia-bg-style-scroll  avia-builder-el-10  el_after_av_section  avia-builder-el-last   container_wrap sidebar_right' style=' '  ><div class='av-section-color-overlay-wrap'><div class='av-section-color-overlay' style='opacity: 0.5; background-color: #024b90; background-image: url(https:\/\/www.agenaltd.com.tr\/wp-content\/themes\/enfold\/images\/background-images\/polygon.png); background-repeat: repeat;'><\/div><div class='container' ><div class='template-page content  av-content-small alpha units'><div class='post-entry post-entry-type-page post-entry-23'><div class='entry-content-wrapper clearfix'>\n<div class=\"flex_column av_one_fifth  flex_column_div av-zero-column-padding first  avia-builder-el-11  el_before_av_three_fifth  avia-builder-el-first\" style='border-radius:0px; '><\/div><div class=\"flex_column av_three_fifth  flex_column_div   avia-builder-el-12  el_after_av_one_fifth  el_before_av_one_fifth\" style='background: #f0f0f0; border-width:1px; border-style:solid; padding:15px; background-color:#f0f0f0; border-radius:8px; '><p><div  style='padding-bottom:0px; ' class='av-special-heading av-special-heading-h3  blockquote modern-quote modern-centered  avia-builder-el-13  el_before_av_hr  avia-builder-el-first'><h3 class='av-special-heading-tag'  itemprop=\"headline\"  >QUICK CONTACT FORM<\/h3><div class ='av-subheading av-subheading_below' style='font-size:15px;'><p>You can reach us quickly by using the form below<\/p>\n<\/div><div class='special-heading-border'><div class='special-heading-inner-border' ><\/div><\/div><\/div><br \/>\n<div  style=' margin-top:10px; margin-bottom:10px;'  class='hr hr-custom hr-center hr-icon-yes   avia-builder-el-14  el_after_av_heading  el_before_av_contact'><span class='hr-inner   inner-border-av-border-fat' style=' width:100px; border-color:#024b90;' ><span class='hr-inner-style'><\/span><\/span><span class='av-seperator-icon' style='color:#d44e4e;' aria-hidden='true' data-av_icon='\ue805' data-av_iconfont='entypo-fontello'><\/span><span class='hr-inner   inner-border-av-border-fat' style=' width:100px; border-color:#024b90;' ><span class='hr-inner-style'><\/span><\/span><\/div><br \/>\n<form action=\"https:\/\/www.agenaltd.com.tr\/en\/iletisim\/\" method=\"post\"  class=\"avia_ajax_form av-form-labels-hidden   avia-builder-el-15  el_after_av_hr  avia-builder-el-last  av-centered-form\" data-avia-form-id=\"1\" data-avia-redirect='' data-trp-original-action=\"https:\/\/www.agenaltd.com.tr\/en\/iletisim\/\" ><fieldset><p class='first_form  form_element form_element_half' id='element_avia_1_1'><label for=\"avia_1_1\">Name <abbr class=\"required\" title=\"required\">*<\/abbr><\/label> <input name=\"avia_1_1\" class=\"text_input is_empty\" type=\"text\" id=\"avia_1_1\" value=\"\"  placeholder='Name*'\/><\/p><p class='form_element form_element_half' id='element_avia_2_1'><label for=\"avia_2_1\">Telephone <abbr class=\"required\" title=\"required\">*<\/abbr><\/label> <input name=\"avia_2_1\" class=\"text_input is_phone\" type=\"text\" id=\"avia_2_1\" value=\"\"  placeholder='Telephone*'\/><\/p><p class='first_form  form_element form_element_half' id='element_avia_3_1'><label for=\"avia_3_1\">Email <abbr class=\"required\" title=\"required\">*<\/abbr><\/label> <input name=\"avia_3_1\" class=\"text_input is_email\" type=\"text\" id=\"avia_3_1\" value=\"\"  placeholder='Email*'\/><\/p><p class='form_element form_element_half' id='element_avia_4_1'><label for=\"avia_4_1\">Company<\/label> <input name=\"avia_4_1\" class=\"text_input\" type=\"text\" id=\"avia_4_1\" value=\"\"  placeholder='Company'\/><\/p><p class='first_form  form_element form_fullwidth' id='element_avia_5_1'><label for=\"avia_5_1\">topic <abbr class=\"required\" title=\"required\">*<\/abbr><\/label> <input name=\"avia_5_1\" class=\"text_input is_empty\" type=\"text\" id=\"avia_5_1\" value=\"\"  placeholder='Topic*'\/><\/p><p class='first_form  form_element form_fullwidth av-last-visible-form-element' id='element_avia_6_1'>\t <label for=\"avia_6_1\" class=\"textare_label hidden textare_label_avia_6_1\">your Message <abbr class=\"required\" title=\"required\">*<\/abbr><\/label>\t <textarea  placeholder='Your Message *' name=\"avia_6_1\" class=\"text_area is_empty\" cols=\"40\" rows=\"7\" id=\"avia_6_1\" ><\/textarea><\/p><p class=\"hidden\"><input type=\"text\" name=\"avia_7_1\" class=\"hidden\" id=\"avia_7_1\" value=\"\" \/><\/p><p class=\"form_element\"><input type=\"hidden\" value=\"1\" name=\"avia_generated_form1\" \/><input type=\"submit\" value=\"Submit\" class=\"button\"  data-sending-label=\"Sending\"\/><\/p><\/fieldset><div class=\"avia-disabled-forn\">This contact form is deactivated because you refused to accept Google reCaptcha service which is necessary to validate any messages sent by the form.<\/div><input type=\"hidden\" name=\"trp-form-language\" value=\"en\"\/><\/form><div id=\"ajaxresponse_1\" class=\"ajaxresponse ajaxresponse_1 hidden\"><\/div><\/p><\/div><div class=\"flex_column av_one_fifth  flex_column_div av-zero-column-padding   avia-builder-el-16  el_after_av_three_fifth  avia-builder-el-last\" style='border-radius:0px; '><\/div>\n<\/div><\/div><\/div><!-- close content main div --><\/div><\/div><\/div><div id='after_section_2'  class='main_color av_default_container_wrap container_wrap sidebar_right' style=' '  ><div class='container' ><div class='template-page content  av-content-small alpha units'><div class='post-entry post-entry-type-page post-entry-23'><div class='entry-content-wrapper clearfix'><\/p>","protected":false},"excerpt":{"rendered":"","protected":false},"author":1,"featured_media":0,"parent":0,"menu_order":0,"comment_status":"closed","ping_status":"closed","template":"","meta":{"footnotes":""},"class_list":["post-23","page","type-page","status-publish","hentry"],"_links":{"self":[{"href":"https:\/\/www.agenaltd.com.tr\/en\/wp-json\/wp\/v2\/pages\/23"}],"collection":[{"href":"https:\/\/www.agenaltd.com.tr\/en\/wp-json\/wp\/v2\/pages"}],"about":[{"href":"https:\/\/www.agenaltd.com.tr\/en\/wp-json\/wp\/v2\/types\/page"}],"author":[{"embeddable":true,"href":"https:\/\/www.agenaltd.com.tr\/en\/wp-json\/wp\/v2\/users\/1"}],"replies":[{"embeddable":true,"href":"https:\/\/www.agenaltd.com.tr\/en\/wp-json\/wp\/v2\/comments?post=23"}],"version-history":[{"count":2,"href":"https:\/\/www.agenaltd.com.tr\/en\/wp-json\/wp\/v2\/pages\/23\/revisions"}],"predecessor-version":[{"id":429,"href":"https:\/\/www.agenaltd.com.tr\/en\/wp-json\/wp\/v2\/pages\/23\/revisions\/429"}],"wp:attachment":[{"href":"https:\/\/www.agenaltd.com.tr\/en\/wp-json\/wp\/v2\/media?parent=23"}],"curies":[{"name":"wp","href":"https:\/\/api.w.org\/{rel}","templated":true}]}}